{"id":36,"date":"2020-01-03T13:06:55","date_gmt":"2020-01-03T12:06:55","guid":{"rendered":"https:\/\/www.philipp-geisert.de\/sitedevelopment\/?page_id=36"},"modified":"2020-01-03T13:06:56","modified_gmt":"2020-01-03T12:06:56","slug":"philipp-geisert","status":"publish","type":"page","link":"https:\/\/www.philipp-geisert.de\/fr\/","title":{"rendered":"Philipp Geisert"},"content":{"rendered":"\n<h2 class=\"wp-block-heading\">directeur de cr\u00e9ation et consultant de marque<\/h2>\n\n\n\n<p>Il a plus de 25 ans d&#8217;exp\u00e9rience dans les agences internationales.<br>Aux stations de sa carri\u00e8re professionnelle appartiennent \u00e0 c\u00f4t\u00e9 de l&#8217;agence de publicit\u00e9 Meir\u00e9 et Meir\u00e9 Wiesbaden, CDC Communications &amp; Design Consultancy Francfort\/New York, Simon &amp; Goetz Design Francfort, Armando Testa Francfort et Ginns Design Groupe \u00e0 Sydney.<\/p>\n\n\n\n<p>Geisert a \u00e9tudi\u00e9 la communication visuelle en Allemagne et en Australie et a obtenu en 1993 l&#8217;\u00e9tude en tant que concepteur de communication dipl\u00f4m\u00e9. En 2003, il fonde sa propre compagnie et a \u00e9t\u00e9 nomm\u00e9 au comit\u00e9 directeur du Werkbund allemand.<\/p>\n\n\n\n<p>Le studio Philipp Geisert Design d\u00e9veloppe des marques et des identit\u00e9s d&#8217;entreprise, les syst\u00e8mes de contr\u00f4le visuel et de la communication pour une client\u00e8le internationale. Ceux-ci comprennent, entre autres, CHUGAI Pharma, UNESCO patrimoine mondial, ARNOLD Management Zurich, Messe Frankfurt, Deutsche Bahn, Bogner, Siemens, smart, Joseph Janard, Aspecta, et beaucoup plus de marques de haute qualit\u00e9.<\/p>\n\n\n\n<p>Son travail a \u00e9t\u00e9 r\u00e9compens\u00e9 \u00e0 plusieurs reprises et dans diverses publications, et al les concours de design iF Design Award Communication, Deutscher Designer Club (DDC), Red Dot Design Award, Berliner Type et Type Directors Club (cdc Groupe). \u00c0 Sydney, il a remport\u00e9 le prix du design Gilbert papier et en coop\u00e9ration avec l&#8217;agence Ginns Design concevoir le National Print Award de l&#8217;Australie.<\/p>\n\n\n\n<p>Il a \u00e9galement pris en charge depuis de nombreuses ann\u00e9es, le design d&#8217;entreprise et l&#8217;art de couverture du label de musique Tales from the inside \u00e0 Stuttgart. En 2016 Philipp Geisert Design a d\u00e9velopp\u00e9 le nouveau design d&#8217;entreprise pour la soci\u00e9t\u00e9 de conseil V&amp;S Sch\u00e4fer \u00e0 Kaiserslautern et \u00e0 Mayence. Depuis 2017, il accompagne le d\u00e9partement m\u00e9dical de CHUGAI Pharma Germany en tant que consultant de marque externe.<\/p>\n","protected":false},"excerpt":{"rendered":"<p>directeur de cr\u00e9ation et consultant de marque Il a plus de 25 ans d&#8217;exp\u00e9rience dans les agences internationales.Aux stations de sa carri\u00e8re professionnelle appartiennent \u00e0 c\u00f4t\u00e9 de l&#8217;agence de publicit\u00e9 Meir\u00e9 et Meir\u00e9 Wiesbaden, CDC Communications &amp; Design Consultancy Francfort\/New York, Simon &amp; Goetz Design Francfort, Armando Testa Francfort et Ginns Design Groupe \u00e0 Sydney. [&hellip;]<\/p>\n","protected":false},"author":1,"featured_media":319,"parent":0,"menu_order":0,"comment_status":"closed","ping_status":"closed","template":"page-startseite.php","meta":{"footnotes":""},"class_list":["post-36","page","type-page","status-publish","has-post-thumbnail","hentry"],"yoast_head":"<!-- This site is optimized with the Yoast SEO plugin v27.4 - https:\/\/yoast.com\/product\/yoast-seo-wordpress\/ -->\n<title>Philipp Geisert - Philipp Geisert Design<\/title>\n<meta name=\"robots\" content=\"index, follow, max-snippet:-1, max-image-preview:large, max-video-preview:-1\" \/>\n<link rel=\"canonical\" href=\"https:\/\/www.philipp-geisert.de\/fr\/\" \/>\n<meta property=\"og:locale\" content=\"fr_FR\" \/>\n<meta property=\"og:type\" content=\"article\" \/>\n<meta property=\"og:title\" content=\"Philipp Geisert - Philipp Geisert Design\" \/>\n<meta property=\"og:description\" content=\"directeur de cr\u00e9ation et consultant de marque Il a plus de 25 ans d&#8217;exp\u00e9rience dans les agences internationales.Aux stations de sa carri\u00e8re professionnelle appartiennent \u00e0 c\u00f4t\u00e9 de l&#8217;agence de publicit\u00e9 Meir\u00e9 et Meir\u00e9 Wiesbaden, CDC Communications &amp; Design Consultancy Francfort\/New York, Simon &amp; Goetz Design Francfort, Armando Testa Francfort et Ginns Design Groupe \u00e0 Sydney. [&hellip;]\" \/>\n<meta property=\"og:url\" content=\"https:\/\/www.philipp-geisert.de\/fr\/\" \/>\n<meta property=\"og:site_name\" content=\"Philipp Geisert Design\" \/>\n<meta property=\"article:modified_time\" content=\"2020-01-03T12:06:56+00:00\" \/>\n<meta property=\"og:image\" content=\"https:\/\/www.philipp-geisert.de\/wp-content\/uploads\/2020\/01\/philipp-geisert-portrait.jpg\" \/>\n\t<meta property=\"og:image:width\" content=\"400\" \/>\n\t<meta property=\"og:image:height\" content=\"400\" \/>\n\t<meta property=\"og:image:type\" content=\"image\/jpeg\" \/>\n<meta name=\"twitter:card\" content=\"summary_large_image\" \/>\n<meta name=\"twitter:label1\" content=\"Dur\u00e9e de lecture estim\u00e9e\" \/>\n\t<meta name=\"twitter:data1\" content=\"1 minute\" \/>\n<script type=\"application\/ld+json\" class=\"yoast-schema-graph\">{\"@context\":\"https:\\\/\\\/schema.org\",\"@graph\":[{\"@type\":\"WebPage\",\"@id\":\"https:\\\/\\\/www.philipp-geisert.de\\\/fr\\\/\",\"url\":\"https:\\\/\\\/www.philipp-geisert.de\\\/fr\\\/\",\"name\":\"Philipp Geisert - Philipp Geisert Design\",\"isPartOf\":{\"@id\":\"https:\\\/\\\/www.philipp-geisert.de\\\/fr\\\/#website\"},\"primaryImageOfPage\":{\"@id\":\"https:\\\/\\\/www.philipp-geisert.de\\\/fr\\\/#primaryimage\"},\"image\":{\"@id\":\"https:\\\/\\\/www.philipp-geisert.de\\\/fr\\\/#primaryimage\"},\"thumbnailUrl\":\"https:\\\/\\\/www.philipp-geisert.de\\\/wp-content\\\/uploads\\\/2023\\\/05\\\/philipp-geisert-brand-manager-portrait-2023-1.jpg\",\"datePublished\":\"2020-01-03T12:06:55+00:00\",\"dateModified\":\"2020-01-03T12:06:56+00:00\",\"breadcrumb\":{\"@id\":\"https:\\\/\\\/www.philipp-geisert.de\\\/fr\\\/#breadcrumb\"},\"inLanguage\":\"fr-FR\",\"potentialAction\":[{\"@type\":\"ReadAction\",\"target\":[\"https:\\\/\\\/www.philipp-geisert.de\\\/fr\\\/\"]}]},{\"@type\":\"ImageObject\",\"inLanguage\":\"fr-FR\",\"@id\":\"https:\\\/\\\/www.philipp-geisert.de\\\/fr\\\/#primaryimage\",\"url\":\"https:\\\/\\\/www.philipp-geisert.de\\\/wp-content\\\/uploads\\\/2023\\\/05\\\/philipp-geisert-brand-manager-portrait-2023-1.jpg\",\"contentUrl\":\"https:\\\/\\\/www.philipp-geisert.de\\\/wp-content\\\/uploads\\\/2023\\\/05\\\/philipp-geisert-brand-manager-portrait-2023-1.jpg\",\"width\":960,\"height\":960,\"caption\":\"Philipp Geisert Brand Manager Portr\u00e4t\"},{\"@type\":\"BreadcrumbList\",\"@id\":\"https:\\\/\\\/www.philipp-geisert.de\\\/fr\\\/#breadcrumb\",\"itemListElement\":[{\"@type\":\"ListItem\",\"position\":1,\"name\":\"Startseite\",\"item\":\"https:\\\/\\\/www.philipp-geisert.de\\\/fr\\\/\"},{\"@type\":\"ListItem\",\"position\":2,\"name\":\"Philipp Geisert\"}]},{\"@type\":\"WebSite\",\"@id\":\"https:\\\/\\\/www.philipp-geisert.de\\\/fr\\\/#website\",\"url\":\"https:\\\/\\\/www.philipp-geisert.de\\\/fr\\\/\",\"name\":\"Philipp Geisert Design\",\"description\":\"\",\"potentialAction\":[{\"@type\":\"SearchAction\",\"target\":{\"@type\":\"EntryPoint\",\"urlTemplate\":\"https:\\\/\\\/www.philipp-geisert.de\\\/fr\\\/?s={search_term_string}\"},\"query-input\":{\"@type\":\"PropertyValueSpecification\",\"valueRequired\":true,\"valueName\":\"search_term_string\"}}],\"inLanguage\":\"fr-FR\"}]}<\/script>\n<!-- \/ Yoast SEO plugin. -->","yoast_head_json":{"title":"Philipp Geisert - Philipp Geisert Design","robots":{"index":"index","follow":"follow","max-snippet":"max-snippet:-1","max-image-preview":"max-image-preview:large","max-video-preview":"max-video-preview:-1"},"canonical":"https:\/\/www.philipp-geisert.de\/fr\/","og_locale":"fr_FR","og_type":"article","og_title":"Philipp Geisert - Philipp Geisert Design","og_description":"directeur de cr\u00e9ation et consultant de marque Il a plus de 25 ans d&#8217;exp\u00e9rience dans les agences internationales.Aux stations de sa carri\u00e8re professionnelle appartiennent \u00e0 c\u00f4t\u00e9 de l&#8217;agence de publicit\u00e9 Meir\u00e9 et Meir\u00e9 Wiesbaden, CDC Communications &amp; Design Consultancy Francfort\/New York, Simon &amp; Goetz Design Francfort, Armando Testa Francfort et Ginns Design Groupe \u00e0 Sydney. [&hellip;]","og_url":"https:\/\/www.philipp-geisert.de\/fr\/","og_site_name":"Philipp Geisert Design","article_modified_time":"2020-01-03T12:06:56+00:00","og_image":[{"width":400,"height":400,"url":"https:\/\/www.philipp-geisert.de\/wp-content\/uploads\/2020\/01\/philipp-geisert-portrait.jpg","type":"image\/jpeg"}],"twitter_card":"summary_large_image","twitter_misc":{"Dur\u00e9e de lecture estim\u00e9e":"1 minute"},"schema":{"@context":"https:\/\/schema.org","@graph":[{"@type":"WebPage","@id":"https:\/\/www.philipp-geisert.de\/fr\/","url":"https:\/\/www.philipp-geisert.de\/fr\/","name":"Philipp Geisert - Philipp Geisert Design","isPartOf":{"@id":"https:\/\/www.philipp-geisert.de\/fr\/#website"},"primaryImageOfPage":{"@id":"https:\/\/www.philipp-geisert.de\/fr\/#primaryimage"},"image":{"@id":"https:\/\/www.philipp-geisert.de\/fr\/#primaryimage"},"thumbnailUrl":"https:\/\/www.philipp-geisert.de\/wp-content\/uploads\/2023\/05\/philipp-geisert-brand-manager-portrait-2023-1.jpg","datePublished":"2020-01-03T12:06:55+00:00","dateModified":"2020-01-03T12:06:56+00:00","breadcrumb":{"@id":"https:\/\/www.philipp-geisert.de\/fr\/#breadcrumb"},"inLanguage":"fr-FR","potentialAction":[{"@type":"ReadAction","target":["https:\/\/www.philipp-geisert.de\/fr\/"]}]},{"@type":"ImageObject","inLanguage":"fr-FR","@id":"https:\/\/www.philipp-geisert.de\/fr\/#primaryimage","url":"https:\/\/www.philipp-geisert.de\/wp-content\/uploads\/2023\/05\/philipp-geisert-brand-manager-portrait-2023-1.jpg","contentUrl":"https:\/\/www.philipp-geisert.de\/wp-content\/uploads\/2023\/05\/philipp-geisert-brand-manager-portrait-2023-1.jpg","width":960,"height":960,"caption":"Philipp Geisert Brand Manager Portr\u00e4t"},{"@type":"BreadcrumbList","@id":"https:\/\/www.philipp-geisert.de\/fr\/#breadcrumb","itemListElement":[{"@type":"ListItem","position":1,"name":"Startseite","item":"https:\/\/www.philipp-geisert.de\/fr\/"},{"@type":"ListItem","position":2,"name":"Philipp Geisert"}]},{"@type":"WebSite","@id":"https:\/\/www.philipp-geisert.de\/fr\/#website","url":"https:\/\/www.philipp-geisert.de\/fr\/","name":"Philipp Geisert Design","description":"","potentialAction":[{"@type":"SearchAction","target":{"@type":"EntryPoint","urlTemplate":"https:\/\/www.philipp-geisert.de\/fr\/?s={search_term_string}"},"query-input":{"@type":"PropertyValueSpecification","valueRequired":true,"valueName":"search_term_string"}}],"inLanguage":"fr-FR"}]}},"_links":{"self":[{"href":"https:\/\/www.philipp-geisert.de\/fr\/wp-json\/wp\/v2\/pages\/36","targetHints":{"allow":["GET"]}}],"collection":[{"href":"https:\/\/www.philipp-geisert.de\/fr\/wp-json\/wp\/v2\/pages"}],"about":[{"href":"https:\/\/www.philipp-geisert.de\/fr\/wp-json\/wp\/v2\/types\/page"}],"author":[{"embeddable":true,"href":"https:\/\/www.philipp-geisert.de\/fr\/wp-json\/wp\/v2\/users\/1"}],"replies":[{"embeddable":true,"href":"https:\/\/www.philipp-geisert.de\/fr\/wp-json\/wp\/v2\/comments?post=36"}],"version-history":[{"count":1,"href":"https:\/\/www.philipp-geisert.de\/fr\/wp-json\/wp\/v2\/pages\/36\/revisions"}],"predecessor-version":[{"id":37,"href":"https:\/\/www.philipp-geisert.de\/fr\/wp-json\/wp\/v2\/pages\/36\/revisions\/37"}],"wp:featuredmedia":[{"embeddable":true,"href":"https:\/\/www.philipp-geisert.de\/fr\/wp-json\/wp\/v2\/media\/319"}],"wp:attachment":[{"href":"https:\/\/www.philipp-geisert.de\/fr\/wp-json\/wp\/v2\/media?parent=36"}],"curies":[{"name":"wp","href":"https:\/\/api.w.org\/{rel}","templated":true}]}}